{"id":684,"date":"2025-02-25T14:13:29","date_gmt":"2025-02-25T11:13:29","guid":{"rendered":"https:\/\/rudderyachting.com\/new\/?page_id=684"},"modified":"2026-01-23T12:34:28","modified_gmt":"2026-01-23T09:34:28","slug":"initial-registration-marine-vessel-purchase-sale-transactions","status":"publish","type":"page","link":"https:\/\/rudderyachting.com\/en\/acente-hizmetleri\/initial-registration-marine-vessel-purchase-sale-transactions\/","title":{"rendered":"Initial Registration \/ Marine Vessel Purchase and Sale Transactions"},"content":{"rendered":"<div data-elementor-type=\"wp-page\" data-elementor-id=\"684\" class=\"elementor elementor-684\" data-elementor-post-type=\"page\">\n\t\t\t\t<div class=\"elementor-element elementor-element-81b11bd e-flex e-con-boxed e-con e-parent\" data-id=\"81b11bd\" data-element_type=\"container\" data-e-type=\"container\" data-settings=\"{&quot;jet_parallax_layout_list&quot;:[],&quot;background_background&quot;:&quot;classic&quot;}\">\n\t\t\t\t\t<div class=\"e-con-inner\">\n\t\t\t\t<div class=\"elementor-element elementor-element-b79b3eb elementor-widget elementor-widget-heading\" data-id=\"b79b3eb\" data-element_type=\"widget\" data-e-type=\"widget\" data-widget_type=\"heading.default\">\n\t\t\t\t<div class=\"elementor-widget-container\">\n\t\t\t\t\t<h2 class=\"elementor-heading-title elementor-size-default\">Initial Registration \/ Marine Vessel Purchase and Sale Transactions<\/h2>\t\t\t\t<\/div>\n\t\t\t\t<\/div>\n\t\t\t\t\t<\/div>\n\t\t\t\t<\/div>\n\t\t<div class=\"elementor-element elementor-element-cf5460a e-con-full e-flex e-con e-parent\" data-id=\"cf5460a\" data-element_type=\"container\" data-e-type=\"container\" data-settings=\"{&quot;jet_parallax_layout_list&quot;:[]}\">\n\t\t<div class=\"elementor-element elementor-element-ecb7286 e-con-full e-flex e-con e-child\" data-id=\"ecb7286\" data-element_type=\"container\" data-e-type=\"container\" data-settings=\"{&quot;jet_parallax_layout_list&quot;:[]}\">\n\t\t\t\t<div class=\"elementor-element elementor-element-57f83690 elementor-widget elementor-widget-text-editor\" data-id=\"57f83690\" data-element_type=\"widget\" data-e-type=\"widget\" data-widget_type=\"text-editor.default\">\n\t\t\t\t<div class=\"elementor-widget-container\">\n\t\t\t\t\t\t\t\t\t<p><strong><u>Initial Registration Procedures for Marine Vessels;<\/u><\/strong><\/p><ul><li>Petition: The petition must include a summary of the work to be performed, the name of the signatory, their capacity as signatory, the donor's residential address, Turkish ID number, location information of the vessel, and contact telephone number. It is submitted to the Port Authority where the transaction will be carried out by the donor or their representative.<\/li><li class=\"translation-block\">Name Application and Appointment: Access must be made via the website of the Republic of T\u00fcrkiye Ministry of Transport and Infrastructure at <a href=\"https:\/\/umurbey.uab.gov.tr\/Vatandas\/Login\" target=\"_blank\" rel=\"noopener\">https:\/\/umurbey.uab.gov.tr\/Vatandas\/Login\n<\/a>, and login to the system is required. The process then proceeds to the approval stage at the relevant Harbour Master\u2019s Office \/ Ship Registry Office.<\/li><li>Power of Attorney: Required for transactions conducted by the principal's representative(s).<\/li><li>Original Boat Construction\/Repair Invoice: Required for new registrations and repairs.<\/li><li>Original Machine Invoice: Required for new registrations and machine modifications. For machines placed on the market after January 1, 2008, on boats covered by the Pleasure Craft Regulation, and for all machines to be installed after December 31, 2011, a CE Conformity Certificate is required.<\/li><li>Vessel photographs: 3 copies \u2013 taken separately from the bow shoulders and from the stern, clearly showing the vessel\u2019s name and port of registry. In addition, a photograph of the vessel\u2019s hull serial number and photographs of the engine(s) serial number(s) must also be submitted to the Harbour Master\u2019s Office authority during the initial registration procedures.<\/li><li>Proof of payment of the Mooring Registry licence fee. Mooring Registry fees are determined on an annual basis, and licence renewal procedures must be completed prior to the endorsement period. The Mooring Registry Licence fees for the year 2026 are as follows.<\/li><\/ul><p>For ships, marine vessels, and inland waterway vessels, based on their length, for each year;<\/p><table><tbody><tr><td width=\"301\"><p><strong>Meter Interval<\/strong><\/p><\/td><td width=\"301\"><p><strong>Fee<\/strong><\/p><\/td><\/tr><tr><td width=\"301\"><p>From 5 m to 7 m<\/p><\/td><td width=\"301\"><p>5.992,10 TL<\/p><\/td><\/tr><tr><td width=\"301\"><p>From 7 m to 9 m<\/p><\/td><td width=\"301\"><p>8.560,20 TL<\/p><\/td><\/tr><tr><td width=\"301\"><p>From 9 m to 12 m<\/p><\/td><td width=\"301\"><p>12.840,20 TL<\/p><\/td><\/tr><tr><td width=\"301\"><p>From 12 m to 15 m<\/p><\/td><td width=\"301\"><p>25.680,70 TL<\/p><\/td><\/tr><tr><td width=\"301\"><p>From 15 m to 20 m<\/p><\/td><td width=\"301\"><p>42.801,10 TL<\/p><\/td><\/tr><tr><td width=\"301\"><p>From 20 m to 30 m<\/p><\/td><td width=\"301\"><p>85.602,30 TL<\/p><\/td><\/tr><tr><td width=\"301\"><p>30-meter large ones<\/p><\/td><td width=\"301\"><p>171.204,70 TL<\/p><\/td><\/tr><\/tbody><\/table><p class=\"translation-block\">For detailed information on the subject, you may <a href=\"https:\/\/rudderyachting.com\/en\/new\/iletisim\/\" target=\"_self\">contact us<\/a>.<\/p><p><strong><u>Marine Vessel Purchase and Sale Transactions;<\/u><\/strong><\/p><p><u>Private Marine Vehicle Purchase and Sale Transactions; <\/u><\/p><p>Petition: The petition must include a summary of the work to be performed, the name of the signatory, their capacity as signatory, the donor's residential address, Turkish ID number, location information of the vessel, and contact telephone number. It is submitted to the Port Authority where the transaction will be carried out by the donor or their representative.<\/p><p class=\"translation-block\">Name Application and Appointment: Access must be made via the website of the Republic of T\u00fcrkiye Ministry of Transport and Infrastructure at <a href=\"https:\/\/umurbey.uab.gov.tr\/Vatandas\/Login\" target=\"_blank\" rel=\"noopener\">https:\/\/umurbey.uab.gov.tr\/Vatandas\/Login\n<\/a>, and login to the system is required. The process then proceeds to the approval stage at the relevant Harbour Master\u2019s Office.<\/p><p>Appointments are made through the system based on the system approval issued by the relevant Port Authority.<\/p><p>The application is submitted in person to the relevant Port Authority on the specified date and time, along with the documents requested in the petition.<\/p><p class=\"translation-block\">For detailed information on the subject, you may <a href=\"https:\/\/rudderyachting.com\/en\/new\/iletisim\/\" target=\"_self\">contact us<\/a>.<\/p><p><u>Commercial Vessel Purchase &amp; Sale Transactions;<\/u><\/p><p>Petition: The petition must include information such as a summary of the work to be carried out, the name of the signatory, in what capacity they are signing, the shipowner\u2019s residential address, tax identification number, the vessel\u2019s current location, and a contact phone number. It is submitted to the Ship Registry Office where the transaction will be carried out by the shipowner or their authorized representative.<\/p><p class=\"translation-block\">Name Application and Appointment: Access must be made via the website of the Republic of T\u00fcrkiye Ministry of Transport and Infrastructure at <a href=\"https:\/\/umurbey.uab.gov.tr\/Vatandas\/Login\" target=\"_blank\" rel=\"noopener\">https:\/\/umurbey.uab.gov.tr\/Vatandas\/Login\n<\/a>, and login to the system is required. The process then proceeds to the approval stage at the relevant Harbour Master\u2019s Office.<\/p><p>Appointments are made through the system based on the system approval issued by the relevant Port Authority.<\/p><p>The application is submitted in person to the relevant Ship Registry Office on the specified date and time, along with the documents requested in the petition.<\/p><p class=\"translation-block\">For detailed information on the subject, you may <a href=\"https:\/\/rudderyachting.com\/en\/new\/iletisim\/\" target=\"_self\">contact us<\/a>.<\/p><p>We provide brokerage services for the tracking and survey procedures of vessels you wish to sell or purchase.<\/p><p class=\"translation-block\">You may visit the <a href=\"https:\/\/rudderyachting.com\/en\/satilik-motoryat-yelkenli-katamaran\/\" target=\"_self\">Brokerage<\/a> section for vessels offered for sale by our company.<\/p>\t\t\t\t\t\t\t\t<\/div>\n\t\t\t\t<\/div>\n\t\t\t\t<\/div>\n\t\t<div class=\"elementor-element elementor-element-406071e e-con-full e-flex e-con e-child\" data-id=\"406071e\" data-element_type=\"container\" data-e-type=\"container\" data-settings=\"{&quot;jet_parallax_layout_list&quot;:[],&quot;sticky&quot;:&quot;top&quot;,&quot;sticky_on&quot;:[&quot;desktop&quot;],&quot;sticky_parent&quot;:&quot;yes&quot;,&quot;sticky_offset&quot;:0,&quot;sticky_effects_offset&quot;:0,&quot;sticky_anchor_link_offset&quot;:0}\">\n\t\t\t\t<div class=\"elementor-element elementor-element-15e7ba8 elementor-widget elementor-widget-image\" data-id=\"15e7ba8\" data-element_type=\"widget\" data-e-type=\"widget\" data-widget_type=\"image.default\">\n\t\t\t\t<div class=\"elementor-widget-container\">\n\t\t\t\t\t\t\t\t\t\t\t\t\t\t\t<img loading=\"lazy\" decoding=\"async\" width=\"300\" height=\"272\" src=\"https:\/\/rudderyachting.com\/wp-content\/uploads\/2025\/03\/zeki-izzet-cagman-rudder-yachting-300x272.jpg\" class=\"attachment-medium size-medium wp-image-921\" alt=\"\" srcset=\"https:\/\/rudderyachting.com\/wp-content\/uploads\/2025\/03\/zeki-izzet-cagman-rudder-yachting-300x272.jpg.webp 300w, https:\/\/rudderyachting.com\/wp-content\/uploads\/2025\/03\/zeki-izzet-cagman-rudder-yachting.jpg.webp 742w\" sizes=\"auto, (max-width: 300px) 100vw, 300px\" \/>\t\t\t\t\t\t\t\t\t\t\t\t\t\t\t<\/div>\n\t\t\t\t<\/div>\n\t\t\t\t<div class=\"elementor-element elementor-element-779a6bd elementor-widget elementor-widget-text-editor\" data-id=\"779a6bd\" data-element_type=\"widget\" data-e-type=\"widget\" data-widget_type=\"text-editor.default\">\n\t\t\t\t<div class=\"elementor-widget-container\">\n\t\t\t\t\t\t\t\t\t<p style=\"text-align: center;\"><strong>Zeki \u0130zzet \u00c7a\u011fman<\/strong><\/p>\n<p><b><i class=\"fa fa-envelope\"><\/i>\u00a0: <\/b><a href=\"mailto:info@rudderyachting.com\">info@rudderyachting.com<\/a><\/p>\n<p><b><i class=\"fa fa-phone\"><\/i> :<\/b><a href=\"tel:+905321390494\"> +905321390494<\/a><\/p>\t\t\t\t\t\t\t\t<\/div>\n\t\t\t\t<\/div>\n\t\t\t\t<div class=\"elementor-element elementor-element-2c9fa6d elementor-button-align-stretch elementor-widget elementor-widget-form\" data-id=\"2c9fa6d\" data-element_type=\"widget\" data-e-type=\"widget\" data-settings=\"{&quot;step_next_label&quot;:&quot;Next&quot;,&quot;step_previous_label&quot;:&quot;Previous&quot;,&quot;button_width&quot;:&quot;100&quot;,&quot;step_type&quot;:&quot;number_text&quot;,&quot;step_icon_shape&quot;:&quot;circle&quot;}\" data-widget_type=\"form.default\">\n\t\t\t\t<div class=\"elementor-widget-container\">\n\t\t\t\t\t\t\t<form class=\"elementor-form\" method=\"post\" name=\"acenta-sub\" aria-label=\"acenta-sub\" action=\"\">\r\n\t\t\t<input type=\"hidden\" name=\"post_id\" value=\"684\"\/>\r\n\t\t\t<input type=\"hidden\" name=\"form_id\" value=\"2c9fa6d\"\/>\r\n\t\t\t<input type=\"hidden\" name=\"referer_title\" value=\"\u0130lk Kay\u0131t \/ Deniz arac\u0131 Al\u0131m-Sat\u0131m \u0130\u015flemleri - Rudder Yachting\" \/>\r\n\r\n\t\t\t\t\t\t\t<input type=\"hidden\" name=\"queried_id\" value=\"684\"\/>\r\n\t\t\t\r\n\t\t\t<div class=\"elementor-form-fields-wrapper elementor-labels-\">\r\n\t\t\t\t\t\t\t\t<div class=\"elementor-field-type-text elementor-field-group elementor-column elementor-field-group-name elementor-col-100\">\r\n\t\t\t\t\t\t\t\t\t\t\t\t<label for=\"form-field-name\" class=\"elementor-field-label elementor-screen-only\">\r\n\t\t\t\t\t\t\t\t\u0130sim\t\t\t\t\t\t\t<\/label>\r\n\t\t\t\t\t\t\t\t\t\t\t\t\t\t<input size=\"1\" type=\"text\" name=\"form_fields[name]\" id=\"form-field-name\" class=\"elementor-field elementor-size-sm  elementor-field-textual\" placeholder=\"Name &amp; Surname\">\r\n\t\t\t\t\t\t\t\t\t\t\t<\/div>\r\n\t\t\t\t\t\t\t\t<div class=\"elementor-field-type-email elementor-field-group elementor-column elementor-field-group-email elementor-col-100 elementor-field-required\">\r\n\t\t\t\t\t\t\t\t\t\t\t\t<label for=\"form-field-email\" class=\"elementor-field-label elementor-screen-only\">\r\n\t\t\t\t\t\t\t\tEmail\t\t\t\t\t\t\t<\/label>\r\n\t\t\t\t\t\t\t\t\t\t\t\t\t\t<input size=\"1\" type=\"email\" name=\"form_fields[email]\" id=\"form-field-email\" class=\"elementor-field elementor-size-sm  elementor-field-textual\" placeholder=\"Email\" required=\"required\">\r\n\t\t\t\t\t\t\t\t\t\t\t<\/div>\r\n\t\t\t\t\t\t\t\t<div class=\"elementor-field-type-tel elementor-field-group elementor-column elementor-field-group-field_4727dfc elementor-col-100 elementor-field-required\">\r\n\t\t\t\t\t\t\t\t\t\t\t\t<label for=\"form-field-field_4727dfc\" class=\"elementor-field-label elementor-screen-only\">\r\n\t\t\t\t\t\t\t\tPhone\t\t\t\t\t\t\t<\/label>\r\n\t\t\t\t\t\t\t\t<input size=\"1\" type=\"tel\" name=\"form_fields[field_4727dfc]\" id=\"form-field-field_4727dfc\" class=\"elementor-field elementor-size-sm  elementor-field-textual\" placeholder=\"Phone\" required=\"required\" pattern=\"[0-9()#&amp;+*-=.]+\" title=\"phone\">\r\n\r\n\t\t\t\t\t\t<\/div>\r\n\t\t\t\t\t\t\t\t<div class=\"elementor-field-type-textarea elementor-field-group elementor-column elementor-field-group-message elementor-col-100\">\r\n\t\t\t\t\t\t\t\t\t\t\t\t<label for=\"form-field-message\" class=\"elementor-field-label elementor-screen-only\">\r\n\t\t\t\t\t\t\t\tMessage\t\t\t\t\t\t\t<\/label>\r\n\t\t\t\t\t\t<textarea class=\"elementor-field-textual elementor-field  elementor-size-sm\" name=\"form_fields[message]\" id=\"form-field-message\" rows=\"4\" placeholder=\"Message\"><\/textarea>\t\t\t\t<\/div>\r\n\t\t\t\t\t\t\t\t<div class=\"elementor-field-group elementor-column elementor-field-type-submit elementor-col-100 e-form__buttons\">\r\n\t\t\t\t\t<button class=\"elementor-button elementor-size-sm elementor-animation-hang\" type=\"submit\">\r\n\t\t\t\t\t\t<span class=\"elementor-button-content-wrapper\">\r\n\t\t\t\t\t\t\t\t\t\t\t\t\t\t\t\t\t\t\t\t\t\t<span class=\"elementor-button-text\">Send<\/span>\r\n\t\t\t\t\t\t\t\t\t\t\t\t\t<\/span>\r\n\t\t\t\t\t<\/button>\r\n\t\t\t\t<\/div>\r\n\t\t\t<\/div>\r\n\t\t<input type=\"hidden\" name=\"trp-form-language\" value=\"en\"\/><\/form>\r\n\t\t\t\t\t\t<\/div>\n\t\t\t\t<\/div>\n\t\t\t\t<\/div>\n\t\t\t\t<\/div>\n\t\t\t\t<\/div>","protected":false},"excerpt":{"rendered":"<p>Deniz Arac\u0131 \u0130lk Kay\u0131t \u0130\u015flemleri; Dilek\u00e7e: Dilek\u00e7ede, yap\u0131lacak i\u015fin \u00f6zeti, imza atan\u0131n ismi, ne vas\u0131fla imza att\u0131\u011f\u0131,\u00a0donatan\u0131n ikamet adresi, TC kimlik numaras\u0131, teknenin bulundu\u011fu konum bilgisi, irtibat telefonu gibi bilgilerin bulunmas\u0131\u00a0istenir. Donatan veya vekili taraf\u0131ndan i\u015flem yap\u0131lacak Liman Ba\u015fkanl\u0131\u011f\u0131na verilir. \u0130sim Ba\u015fvurusu ve Randevu: T.C Ula\u015ft\u0131rma ve Altyap\u0131 Bakanl\u0131\u011f\u0131\u2019n\u0131n https:\/\/umurbey.uab.gov.tr\/Vatandas\/Login internet sayfas\u0131ndan ula\u015f\u0131lacak ve sistemden [&hellip;]<\/p>","protected":false},"author":1,"featured_media":483,"parent":612,"menu_order":0,"comment_status":"closed","ping_status":"closed","template":"elementor_header_footer","meta":{"_acf_changed":false,"footnotes":""},"class_list":["post-684","page","type-page","status-publish","has-post-thumbnail","hentry"],"acf":[],"_links":{"self":[{"href":"https:\/\/rudderyachting.com\/en\/wp-json\/wp\/v2\/pages\/684","targetHints":{"allow":["GET"]}}],"collection":[{"href":"https:\/\/rudderyachting.com\/en\/wp-json\/wp\/v2\/pages"}],"about":[{"href":"https:\/\/rudderyachting.com\/en\/wp-json\/wp\/v2\/types\/page"}],"author":[{"embeddable":true,"href":"https:\/\/rudderyachting.com\/en\/wp-json\/wp\/v2\/users\/1"}],"replies":[{"embeddable":true,"href":"https:\/\/rudderyachting.com\/en\/wp-json\/wp\/v2\/comments?post=684"}],"version-history":[{"count":0,"href":"https:\/\/rudderyachting.com\/en\/wp-json\/wp\/v2\/pages\/684\/revisions"}],"up":[{"embeddable":true,"href":"https:\/\/rudderyachting.com\/en\/wp-json\/wp\/v2\/pages\/612"}],"wp:featuredmedia":[{"embeddable":true,"href":"https:\/\/rudderyachting.com\/en\/wp-json\/wp\/v2\/media\/483"}],"wp:attachment":[{"href":"https:\/\/rudderyachting.com\/en\/wp-json\/wp\/v2\/media?parent=684"}],"curies":[{"name":"wp","href":"https:\/\/api.w.org\/{rel}","templated":true}]}}