{"id":667,"date":"2025-02-25T14:09:02","date_gmt":"2025-02-25T11:09:02","guid":{"rendered":"https:\/\/rudderyachting.com\/new\/?page_id=667"},"modified":"2026-01-19T13:29:40","modified_gmt":"2026-01-19T10:29:40","slug":"provisions-shopping-services","status":"publish","type":"page","link":"https:\/\/rudderyachting.com\/en\/acente-hizmetleri\/provisions-shopping-services\/","title":{"rendered":"Provisioning &amp; Shopping Services"},"content":{"rendered":"<div data-elementor-type=\"wp-page\" data-elementor-id=\"667\" class=\"elementor elementor-667\" data-elementor-post-type=\"page\">\n\t\t\t\t<div class=\"elementor-element elementor-element-81b11bd e-flex e-con-boxed e-con e-parent\" data-id=\"81b11bd\" data-element_type=\"container\" data-e-type=\"container\" data-settings=\"{&quot;jet_parallax_layout_list&quot;:[],&quot;background_background&quot;:&quot;classic&quot;}\">\n\t\t\t\t\t<div class=\"e-con-inner\">\n\t\t\t\t<div class=\"elementor-element elementor-element-b79b3eb elementor-widget elementor-widget-heading\" data-id=\"b79b3eb\" data-element_type=\"widget\" data-e-type=\"widget\" data-widget_type=\"heading.default\">\n\t\t\t\t<div class=\"elementor-widget-container\">\n\t\t\t\t\t<h2 class=\"elementor-heading-title elementor-size-default\">Provisioning &amp; Shopping Services<\/h2>\t\t\t\t<\/div>\n\t\t\t\t<\/div>\n\t\t\t\t\t<\/div>\n\t\t\t\t<\/div>\n\t\t<div class=\"elementor-element elementor-element-cf5460a e-con-full e-flex e-con e-parent\" data-id=\"cf5460a\" data-element_type=\"container\" data-e-type=\"container\" data-settings=\"{&quot;jet_parallax_layout_list&quot;:[]}\">\n\t\t<div class=\"elementor-element elementor-element-ecb7286 e-con-full e-flex e-con e-child\" data-id=\"ecb7286\" data-element_type=\"container\" data-e-type=\"container\" data-settings=\"{&quot;jet_parallax_layout_list&quot;:[]}\">\n\t\t\t\t<div class=\"elementor-element elementor-element-57f83690 elementor-widget elementor-widget-text-editor\" data-id=\"57f83690\" data-element_type=\"widget\" data-e-type=\"widget\" data-widget_type=\"text-editor.default\">\n\t\t\t\t<div class=\"elementor-widget-container\">\n\t\t\t\t\t\t\t\t\t<div class=\"traveltour-content-area traveltour-item-pdlr\"><section class=\"wpb-content-wrapper\"><div class=\"vc_row wpb_row vc_row-fluid\"><div class=\"wpb_column vc_column_container vc_col-sm-12\"><div class=\"vc_column-inner\"><div class=\"wpb_wrapper\"><div class=\"wpb_text_column wpb_content_element\"><div class=\"wpb_wrapper\"><p>Rudder Yachting has established a strong network of communication through close collaboration with national and international suppliers.<\/p><p>You can benefit from the services of our experienced team for all kinds of food, delicatessen, produce, soft drinks, alcoholic beverages, flowers, etc., as well as various organizational services and products upon request.<\/p><p>While you enjoy your vacation, we deliver the items on your shopping list to your yacht, fresh or frozen, to suit your taste and meet high standards.<\/p><\/div><\/div><\/div><\/div><\/div><\/div><\/section><\/div>\t\t\t\t\t\t\t\t<\/div>\n\t\t\t\t<\/div>\n\t\t\t\t<\/div>\n\t\t<div class=\"elementor-element elementor-element-406071e e-con-full e-flex e-con e-child\" data-id=\"406071e\" data-element_type=\"container\" data-e-type=\"container\" data-settings=\"{&quot;jet_parallax_layout_list&quot;:[]}\">\n\t\t\t\t<div class=\"elementor-element elementor-element-15e7ba8 elementor-widget elementor-widget-image\" data-id=\"15e7ba8\" data-element_type=\"widget\" data-e-type=\"widget\" data-widget_type=\"image.default\">\n\t\t\t\t<div class=\"elementor-widget-container\">\n\t\t\t\t\t\t\t\t\t\t\t\t\t\t\t<img loading=\"lazy\" decoding=\"async\" width=\"300\" height=\"272\" src=\"https:\/\/rudderyachting.com\/wp-content\/uploads\/2025\/03\/zeki-izzet-cagman-rudder-yachting-300x272.jpg\" class=\"attachment-medium size-medium wp-image-921\" alt=\"\" srcset=\"https:\/\/rudderyachting.com\/wp-content\/uploads\/2025\/03\/zeki-izzet-cagman-rudder-yachting-300x272.jpg.webp 300w, https:\/\/rudderyachting.com\/wp-content\/uploads\/2025\/03\/zeki-izzet-cagman-rudder-yachting.jpg.webp 742w\" sizes=\"auto, (max-width: 300px) 100vw, 300px\" \/>\t\t\t\t\t\t\t\t\t\t\t\t\t\t\t<\/div>\n\t\t\t\t<\/div>\n\t\t\t\t<div class=\"elementor-element elementor-element-779a6bd elementor-widget elementor-widget-text-editor\" data-id=\"779a6bd\" data-element_type=\"widget\" data-e-type=\"widget\" data-widget_type=\"text-editor.default\">\n\t\t\t\t<div class=\"elementor-widget-container\">\n\t\t\t\t\t\t\t\t\t<p style=\"text-align: center;\"><strong>Zeki \u0130zzet \u00c7a\u011fman<\/strong><\/p>\n<p><b><i class=\"fa fa-envelope\"><\/i>\u00a0: <\/b><a href=\"mailto:info@rudderyachting.com\">info@rudderyachting.com<\/a><\/p>\n<p><b><i class=\"fa fa-phone\"><\/i> :<\/b><a href=\"tel:+905321390494\"> +905321390494<\/a><\/p>\t\t\t\t\t\t\t\t<\/div>\n\t\t\t\t<\/div>\n\t\t\t\t<div class=\"elementor-element elementor-element-2c9fa6d elementor-button-align-stretch elementor-widget elementor-widget-form\" data-id=\"2c9fa6d\" data-element_type=\"widget\" data-e-type=\"widget\" data-settings=\"{&quot;step_next_label&quot;:&quot;Next&quot;,&quot;step_previous_label&quot;:&quot;Previous&quot;,&quot;button_width&quot;:&quot;100&quot;,&quot;step_type&quot;:&quot;number_text&quot;,&quot;step_icon_shape&quot;:&quot;circle&quot;}\" data-widget_type=\"form.default\">\n\t\t\t\t<div class=\"elementor-widget-container\">\n\t\t\t\t\t\t\t<form class=\"elementor-form\" method=\"post\" name=\"acenta-sub\" aria-label=\"acenta-sub\" action=\"\">\r\n\t\t\t<input type=\"hidden\" name=\"post_id\" value=\"667\"\/>\r\n\t\t\t<input type=\"hidden\" name=\"form_id\" value=\"2c9fa6d\"\/>\r\n\t\t\t<input type=\"hidden\" name=\"referer_title\" value=\"Kumanya &amp; Al\u0131\u015fveri\u015f Hizmetleri - Rudder Yachting\" \/>\r\n\r\n\t\t\t\t\t\t\t<input type=\"hidden\" name=\"queried_id\" value=\"667\"\/>\r\n\t\t\t\r\n\t\t\t<div class=\"elementor-form-fields-wrapper elementor-labels-\">\r\n\t\t\t\t\t\t\t\t<div class=\"elementor-field-type-text elementor-field-group elementor-column elementor-field-group-name elementor-col-100\">\r\n\t\t\t\t\t\t\t\t\t\t\t\t<label for=\"form-field-name\" class=\"elementor-field-label elementor-screen-only\">\r\n\t\t\t\t\t\t\t\t\u0130sim\t\t\t\t\t\t\t<\/label>\r\n\t\t\t\t\t\t\t\t\t\t\t\t\t\t<input size=\"1\" type=\"text\" name=\"form_fields[name]\" id=\"form-field-name\" class=\"elementor-field elementor-size-sm  elementor-field-textual\" placeholder=\"Name &amp; Surname\">\r\n\t\t\t\t\t\t\t\t\t\t\t<\/div>\r\n\t\t\t\t\t\t\t\t<div class=\"elementor-field-type-email elementor-field-group elementor-column elementor-field-group-email elementor-col-100 elementor-field-required\">\r\n\t\t\t\t\t\t\t\t\t\t\t\t<label for=\"form-field-email\" class=\"elementor-field-label elementor-screen-only\">\r\n\t\t\t\t\t\t\t\tEmail\t\t\t\t\t\t\t<\/label>\r\n\t\t\t\t\t\t\t\t\t\t\t\t\t\t<input size=\"1\" type=\"email\" name=\"form_fields[email]\" id=\"form-field-email\" class=\"elementor-field elementor-size-sm  elementor-field-textual\" placeholder=\"Email\" required=\"required\">\r\n\t\t\t\t\t\t\t\t\t\t\t<\/div>\r\n\t\t\t\t\t\t\t\t<div class=\"elementor-field-type-tel elementor-field-group elementor-column elementor-field-group-field_4727dfc elementor-col-100 elementor-field-required\">\r\n\t\t\t\t\t\t\t\t\t\t\t\t<label for=\"form-field-field_4727dfc\" class=\"elementor-field-label elementor-screen-only\">\r\n\t\t\t\t\t\t\t\tPhone\t\t\t\t\t\t\t<\/label>\r\n\t\t\t\t\t\t\t\t<input size=\"1\" type=\"tel\" name=\"form_fields[field_4727dfc]\" id=\"form-field-field_4727dfc\" class=\"elementor-field elementor-size-sm  elementor-field-textual\" placeholder=\"Phone\" required=\"required\" pattern=\"[0-9()#&amp;+*-=.]+\" title=\"phone\">\r\n\r\n\t\t\t\t\t\t<\/div>\r\n\t\t\t\t\t\t\t\t<div class=\"elementor-field-type-textarea elementor-field-group elementor-column elementor-field-group-message elementor-col-100\">\r\n\t\t\t\t\t\t\t\t\t\t\t\t<label for=\"form-field-message\" class=\"elementor-field-label elementor-screen-only\">\r\n\t\t\t\t\t\t\t\tMessage\t\t\t\t\t\t\t<\/label>\r\n\t\t\t\t\t\t<textarea class=\"elementor-field-textual elementor-field  elementor-size-sm\" name=\"form_fields[message]\" id=\"form-field-message\" rows=\"4\" placeholder=\"Message\"><\/textarea>\t\t\t\t<\/div>\r\n\t\t\t\t\t\t\t\t<div class=\"elementor-field-group elementor-column elementor-field-type-submit elementor-col-100 e-form__buttons\">\r\n\t\t\t\t\t<button class=\"elementor-button elementor-size-sm elementor-animation-hang\" type=\"submit\">\r\n\t\t\t\t\t\t<span class=\"elementor-button-content-wrapper\">\r\n\t\t\t\t\t\t\t\t\t\t\t\t\t\t\t\t\t\t\t\t\t\t<span class=\"elementor-button-text\">Send<\/span>\r\n\t\t\t\t\t\t\t\t\t\t\t\t\t<\/span>\r\n\t\t\t\t\t<\/button>\r\n\t\t\t\t<\/div>\r\n\t\t\t<\/div>\r\n\t\t<input type=\"hidden\" name=\"trp-form-language\" value=\"en\"\/><\/form>\r\n\t\t\t\t\t\t<\/div>\n\t\t\t\t<\/div>\n\t\t\t\t<\/div>\n\t\t\t\t<\/div>\n\t\t\t\t<\/div>","protected":false},"excerpt":{"rendered":"<p>Rudder Yat\u00e7\u0131l\u0131k, ulusal ve uluslararas\u0131 tedarik\u00e7ilerle g\u00fc\u00e7l\u00fc bir i\u015fbirli\u011fi ile ileti\u015fim a\u011f\u0131 kurmu\u015ftur. Her t\u00fcrl\u00fc yiyecek, \u015fark\u00fcteri, manav, soft i\u00e7ecekler, alkoll\u00fc i\u00e7ecekler, \u00e7i\u00e7ekler vb. ve bunlara ek olarak istek dahilinde \u00e7e\u015fitli organizasyonel hizmetler ve \u00fcr\u00fcnler i\u00e7in deneyimli ekibimizin hizmetlerinden faydalanabilirsiniz. Siz tatilinizin tad\u0131n\u0131 \u00e7\u0131kar\u0131rken, biz sizin al\u0131\u015fveri\u015f listenizdeki \u00fcr\u00fcnleri, damak zevkinize uygun, y\u00fcksek standartlarda taze [&hellip;]<\/p>","protected":false},"author":1,"featured_media":593,"parent":612,"menu_order":0,"comment_status":"closed","ping_status":"closed","template":"elementor_header_footer","meta":{"_acf_changed":false,"footnotes":""},"class_list":["post-667","page","type-page","status-publish","has-post-thumbnail","hentry"],"acf":[],"_links":{"self":[{"href":"https:\/\/rudderyachting.com\/en\/wp-json\/wp\/v2\/pages\/667","targetHints":{"allow":["GET"]}}],"collection":[{"href":"https:\/\/rudderyachting.com\/en\/wp-json\/wp\/v2\/pages"}],"about":[{"href":"https:\/\/rudderyachting.com\/en\/wp-json\/wp\/v2\/types\/page"}],"author":[{"embeddable":true,"href":"https:\/\/rudderyachting.com\/en\/wp-json\/wp\/v2\/users\/1"}],"replies":[{"embeddable":true,"href":"https:\/\/rudderyachting.com\/en\/wp-json\/wp\/v2\/comments?post=667"}],"version-history":[{"count":0,"href":"https:\/\/rudderyachting.com\/en\/wp-json\/wp\/v2\/pages\/667\/revisions"}],"up":[{"embeddable":true,"href":"https:\/\/rudderyachting.com\/en\/wp-json\/wp\/v2\/pages\/612"}],"wp:featuredmedia":[{"embeddable":true,"href":"https:\/\/rudderyachting.com\/en\/wp-json\/wp\/v2\/media\/593"}],"wp:attachment":[{"href":"https:\/\/rudderyachting.com\/en\/wp-json\/wp\/v2\/media?parent=667"}],"curies":[{"name":"wp","href":"https:\/\/api.w.org\/{rel}","templated":true}]}}