{"id":643,"date":"2025-02-25T13:39:45","date_gmt":"2025-02-25T10:39:45","guid":{"rendered":"https:\/\/rudderyachting.com\/new\/?page_id=643"},"modified":"2026-01-19T14:26:46","modified_gmt":"2026-01-19T11:26:46","slug":"gumruksuz-yakit-otvsiz-yakit","status":"publish","type":"page","link":"https:\/\/rudderyachting.com\/en\/acente-hizmetleri\/gumruksuz-yakit-otvsiz-yakit\/","title":{"rendered":"Duty-Free Fuel &amp; Special Consumption Tax (SCT)-Exempt Fuel"},"content":{"rendered":"<div data-elementor-type=\"wp-page\" data-elementor-id=\"643\" class=\"elementor elementor-643\" data-elementor-post-type=\"page\">\n\t\t\t\t<div class=\"elementor-element elementor-element-81b11bd e-flex e-con-boxed e-con e-parent\" data-id=\"81b11bd\" data-element_type=\"container\" data-e-type=\"container\" data-settings=\"{&quot;jet_parallax_layout_list&quot;:[],&quot;background_background&quot;:&quot;classic&quot;}\">\n\t\t\t\t\t<div class=\"e-con-inner\">\n\t\t\t\t<div class=\"elementor-element elementor-element-b79b3eb elementor-widget elementor-widget-heading\" data-id=\"b79b3eb\" data-element_type=\"widget\" data-e-type=\"widget\" data-widget_type=\"heading.default\">\n\t\t\t\t<div class=\"elementor-widget-container\">\n\t\t\t\t\t<h2 class=\"elementor-heading-title elementor-size-default\">Duty-Free Fuel &amp; Special Consumption Tax (SCT)-Exempt Fuel<\/h2>\t\t\t\t<\/div>\n\t\t\t\t<\/div>\n\t\t\t\t\t<\/div>\n\t\t\t\t<\/div>\n\t\t<div class=\"elementor-element elementor-element-cf5460a e-con-full e-flex e-con e-parent\" data-id=\"cf5460a\" data-element_type=\"container\" data-e-type=\"container\" data-settings=\"{&quot;jet_parallax_layout_list&quot;:[]}\">\n\t\t<div class=\"elementor-element elementor-element-ecb7286 e-con-full e-flex e-con e-child\" data-id=\"ecb7286\" data-element_type=\"container\" data-e-type=\"container\" data-settings=\"{&quot;jet_parallax_layout_list&quot;:[]}\">\n\t\t\t\t<div class=\"elementor-element elementor-element-57f83690 elementor-widget elementor-widget-text-editor\" data-id=\"57f83690\" data-element_type=\"widget\" data-e-type=\"widget\" data-widget_type=\"text-editor.default\">\n\t\t\t\t<div class=\"elementor-widget-container\">\n\t\t\t\t\t\t\t\t\t<div class=\"traveltour-content-area traveltour-item-pdlr\"><section class=\"wpb-content-wrapper\"><div class=\"vc_row wpb_row vc_row-fluid\"><div class=\"wpb_column vc_column_container vc_col-sm-12\"><div class=\"vc_column-inner\"><div class=\"wpb_wrapper\"><div class=\"wpb_text_column wpb_content_element\"><div class=\"wpb_wrapper\"><p><strong>Duty-Free Fuel Operations<\/strong><\/p><p>Rudder Yachting and Shipping Agency supplies the transit fuel requirements of yachts and vessels sailing abroad within the administratively designated port area specified by the Ministry (Fethiye Harbour Master\u2019s Office \u2013 Dikili Harbour Master\u2019s Office).<\/p><p>Following the supply of transit fuel obtained in accordance with legal procedures, it is essential that the relevant vessel proceeds to sail abroad.<\/p><p>Rudder Yachting and Ship Agency meets transit fuel requests of the desired type and scale, including Marine Diesel and Euro Diesel.<\/p><p>It is of utmost importance that the transit fuel received is used exclusively for international voyages.<br>\nTransit fuel must under no circumstances be used for cabotage voyages.<\/p><p>Following the receipt of transit fuel, the vessel is required to complete all necessary entry and exit procedures at the foreign ports it will call at through official channels.<br>\nIf the vessel re-enters Turkish territorial waters without having entered any foreign port, the tank allocated for transit fuel must be completely emptied.<br>\nIn the event that any fuel remains, the quantity of the remaining fuel must be reported during the entry procedures in order to be communicated to the administrative authorities, and the remaining fuel shall be subject to taxation.<br>\nFailure to provide such notification shall result in the shipowner being subject to an administrative fine imposed by the competent authorities.<\/p><p class=\"translation-block\">For your transit fuel requirements and pricing information, please <a href=\"https:\/\/rudderyachting.com\/en\/iletisim\/\" target=\"_self\">contact us<\/a>.<br><\/p><p><strong>Fuel Transactions with Zero Special Consumption Tax<\/strong><\/p><p>As of January 1, 2004, fuel with zero excise tax is used, and all commercial-type marine vessels flying the Turkish flag and engaged in commercial activities benefit from the zero excise tax fuel application in accordance with the principles of the Excise Tax (I) List Application General Communiqu\u00e9 issued by the Ministry of Treasury and Finance.<\/p><p>Rudder Yachting and Ship Agency provides all necessary operational and document-related consulting services for Fuel Purchase Logbook (YAD) transactions with zero Special Consumption Tax (\u00d6TV).<\/p><ol><li>Ship Registry Certificate<\/li><li>Certificate of Seaworthiness<\/li><li>Tonilato Certificate<\/li><li>Tax Certificate<\/li><li>Signature Circular in Cases Where the Donor is a Legal Entity<\/li><li>If it is a Sole Proprietorship, then Identity<\/li><li>4 Commitment Letters and Additional Commitment Letters<\/li><li>Chamber of Shipping Activity Certificate<\/li><li>If available, a photocopy of page 7 of the previous YAD and the pages related to fuel purchases<\/li><\/ol><p class=\"translation-block\">You can access the 2026 duty-free fuel purchase register applications at the <a href=\"https:\/\/www.denizticaretodasi.org.tr\/tr\/sayfalar\/otv-siz-yakit-uygulamalari\" target=\"_blank\" rel=\"noopener\">link<\/a> provided.<br><\/p><p class=\"translation-block\">For Fuel Purchase Logbook procedures, please contact us via\n<a href=\"https:\/\/rudderyachting.com\/en\/iletisim\/\" target=\"_self\">this page<\/a>.<\/p><\/div><\/div><\/div><\/div><\/div><\/div><\/section><\/div>\t\t\t\t\t\t\t\t<\/div>\n\t\t\t\t<\/div>\n\t\t\t\t<\/div>\n\t\t<div class=\"elementor-element elementor-element-406071e e-con-full e-flex e-con e-child\" data-id=\"406071e\" data-element_type=\"container\" data-e-type=\"container\" data-settings=\"{&quot;jet_parallax_layout_list&quot;:[],&quot;sticky&quot;:&quot;top&quot;,&quot;sticky_on&quot;:[&quot;desktop&quot;],&quot;sticky_parent&quot;:&quot;yes&quot;,&quot;sticky_offset&quot;:0,&quot;sticky_effects_offset&quot;:0,&quot;sticky_anchor_link_offset&quot;:0}\">\n\t\t\t\t<div class=\"elementor-element elementor-element-15e7ba8 elementor-widget elementor-widget-image\" data-id=\"15e7ba8\" data-element_type=\"widget\" data-e-type=\"widget\" data-widget_type=\"image.default\">\n\t\t\t\t<div class=\"elementor-widget-container\">\n\t\t\t\t\t\t\t\t\t\t\t\t\t\t\t<img loading=\"lazy\" decoding=\"async\" width=\"300\" height=\"272\" src=\"https:\/\/rudderyachting.com\/wp-content\/uploads\/2025\/03\/zeki-izzet-cagman-rudder-yachting-300x272.jpg\" class=\"attachment-medium size-medium wp-image-921\" alt=\"\" srcset=\"https:\/\/rudderyachting.com\/wp-content\/uploads\/2025\/03\/zeki-izzet-cagman-rudder-yachting-300x272.jpg.webp 300w, https:\/\/rudderyachting.com\/wp-content\/uploads\/2025\/03\/zeki-izzet-cagman-rudder-yachting.jpg.webp 742w\" sizes=\"auto, (max-width: 300px) 100vw, 300px\" \/>\t\t\t\t\t\t\t\t\t\t\t\t\t\t\t<\/div>\n\t\t\t\t<\/div>\n\t\t\t\t<div class=\"elementor-element elementor-element-779a6bd elementor-widget elementor-widget-text-editor\" data-id=\"779a6bd\" data-element_type=\"widget\" data-e-type=\"widget\" data-widget_type=\"text-editor.default\">\n\t\t\t\t<div class=\"elementor-widget-container\">\n\t\t\t\t\t\t\t\t\t<p style=\"text-align: center;\"><strong>Zeki \u0130zzet \u00c7a\u011fman<\/strong><\/p>\n<p><b><i class=\"fa fa-envelope\"><\/i>\u00a0: <\/b><a href=\"mailto:info@rudderyachting.com\">info@rudderyachting.com<\/a><\/p>\n<p><b><i class=\"fa fa-phone\"><\/i> :<\/b><a href=\"tel:+905321390494\"> +905321390494<\/a><\/p>\t\t\t\t\t\t\t\t<\/div>\n\t\t\t\t<\/div>\n\t\t\t\t<div class=\"elementor-element elementor-element-2c9fa6d elementor-button-align-stretch elementor-widget elementor-widget-form\" data-id=\"2c9fa6d\" data-element_type=\"widget\" data-e-type=\"widget\" data-settings=\"{&quot;step_next_label&quot;:&quot;Next&quot;,&quot;step_previous_label&quot;:&quot;Previous&quot;,&quot;button_width&quot;:&quot;100&quot;,&quot;step_type&quot;:&quot;number_text&quot;,&quot;step_icon_shape&quot;:&quot;circle&quot;}\" data-widget_type=\"form.default\">\n\t\t\t\t<div class=\"elementor-widget-container\">\n\t\t\t\t\t\t\t<form class=\"elementor-form\" method=\"post\" name=\"acenta-sub\" aria-label=\"acenta-sub\" action=\"\">\r\n\t\t\t<input type=\"hidden\" name=\"post_id\" value=\"643\"\/>\r\n\t\t\t<input type=\"hidden\" name=\"form_id\" value=\"2c9fa6d\"\/>\r\n\t\t\t<input type=\"hidden\" name=\"referer_title\" value=\"G\u00fcmr\u00fcks\u00fcz Yak\u0131t &amp; \u00d6TV&#039;siz Yak\u0131t - Rudder Yachting\" \/>\r\n\r\n\t\t\t\t\t\t\t<input type=\"hidden\" name=\"queried_id\" value=\"643\"\/>\r\n\t\t\t\r\n\t\t\t<div class=\"elementor-form-fields-wrapper elementor-labels-\">\r\n\t\t\t\t\t\t\t\t<div class=\"elementor-field-type-text elementor-field-group elementor-column elementor-field-group-name elementor-col-100\">\r\n\t\t\t\t\t\t\t\t\t\t\t\t<label for=\"form-field-name\" class=\"elementor-field-label elementor-screen-only\">\r\n\t\t\t\t\t\t\t\t\u0130sim\t\t\t\t\t\t\t<\/label>\r\n\t\t\t\t\t\t\t\t\t\t\t\t\t\t<input size=\"1\" type=\"text\" name=\"form_fields[name]\" id=\"form-field-name\" class=\"elementor-field elementor-size-sm  elementor-field-textual\" placeholder=\"Name &amp; Surname\">\r\n\t\t\t\t\t\t\t\t\t\t\t<\/div>\r\n\t\t\t\t\t\t\t\t<div class=\"elementor-field-type-email elementor-field-group elementor-column elementor-field-group-email elementor-col-100 elementor-field-required\">\r\n\t\t\t\t\t\t\t\t\t\t\t\t<label for=\"form-field-email\" class=\"elementor-field-label elementor-screen-only\">\r\n\t\t\t\t\t\t\t\tEmail\t\t\t\t\t\t\t<\/label>\r\n\t\t\t\t\t\t\t\t\t\t\t\t\t\t<input size=\"1\" type=\"email\" name=\"form_fields[email]\" id=\"form-field-email\" class=\"elementor-field elementor-size-sm  elementor-field-textual\" placeholder=\"Email\" required=\"required\">\r\n\t\t\t\t\t\t\t\t\t\t\t<\/div>\r\n\t\t\t\t\t\t\t\t<div class=\"elementor-field-type-tel elementor-field-group elementor-column elementor-field-group-field_4727dfc elementor-col-100 elementor-field-required\">\r\n\t\t\t\t\t\t\t\t\t\t\t\t<label for=\"form-field-field_4727dfc\" class=\"elementor-field-label elementor-screen-only\">\r\n\t\t\t\t\t\t\t\tPhone\t\t\t\t\t\t\t<\/label>\r\n\t\t\t\t\t\t\t\t<input size=\"1\" type=\"tel\" name=\"form_fields[field_4727dfc]\" id=\"form-field-field_4727dfc\" class=\"elementor-field elementor-size-sm  elementor-field-textual\" placeholder=\"Phone\" required=\"required\" pattern=\"[0-9()#&amp;+*-=.]+\" title=\"phone\">\r\n\r\n\t\t\t\t\t\t<\/div>\r\n\t\t\t\t\t\t\t\t<div class=\"elementor-field-type-textarea elementor-field-group elementor-column elementor-field-group-message elementor-col-100\">\r\n\t\t\t\t\t\t\t\t\t\t\t\t<label for=\"form-field-message\" class=\"elementor-field-label elementor-screen-only\">\r\n\t\t\t\t\t\t\t\tMessage\t\t\t\t\t\t\t<\/label>\r\n\t\t\t\t\t\t<textarea class=\"elementor-field-textual elementor-field  elementor-size-sm\" name=\"form_fields[message]\" id=\"form-field-message\" rows=\"4\" placeholder=\"Message\"><\/textarea>\t\t\t\t<\/div>\r\n\t\t\t\t\t\t\t\t<div class=\"elementor-field-group elementor-column elementor-field-type-submit elementor-col-100 e-form__buttons\">\r\n\t\t\t\t\t<button class=\"elementor-button elementor-size-sm elementor-animation-hang\" type=\"submit\">\r\n\t\t\t\t\t\t<span class=\"elementor-button-content-wrapper\">\r\n\t\t\t\t\t\t\t\t\t\t\t\t\t\t\t\t\t\t\t\t\t\t<span class=\"elementor-button-text\">Send<\/span>\r\n\t\t\t\t\t\t\t\t\t\t\t\t\t<\/span>\r\n\t\t\t\t\t<\/button>\r\n\t\t\t\t<\/div>\r\n\t\t\t<\/div>\r\n\t\t<input type=\"hidden\" name=\"trp-form-language\" value=\"en\"\/><\/form>\r\n\t\t\t\t\t\t<\/div>\n\t\t\t\t<\/div>\n\t\t\t\t<\/div>\n\t\t\t\t<\/div>\n\t\t\t\t<\/div>","protected":false},"excerpt":{"rendered":"<p>G\u00dcMR\u00dcKS\u00dcZ YAKIT \u0130\u015eLEMLER\u0130 Rudder Yat\u00e7\u0131l\u0131k ve Gemi Acenteli\u011fi; Bakanl\u0131k\u00e7a belirtilen idari liman sahas\u0131 i\u00e7erisinde (Fethiye Liman Ba\u015fkanl\u0131\u011f\u0131 \u2013 Dikili Liman Ba\u015fkanl\u0131\u011f\u0131) Yurt d\u0131\u015f\u0131na seyir yapacak yat ve gemilerin transit yak\u0131t ihtiyac\u0131 kar\u015f\u0131lamaktad\u0131r. Yasal prosed\u00fcrler \u00e7er\u00e7evesinde al\u0131nan transit yak\u0131t sonras\u0131nda ilgili deniz arac\u0131n\u0131n yurt d\u0131\u015f\u0131na seyir yapmas\u0131 esast\u0131r. Marine Dizel ve Euro Dizel olmak \u00fczere istenilen [&hellip;]<\/p>","protected":false},"author":1,"featured_media":618,"parent":612,"menu_order":0,"comment_status":"closed","ping_status":"closed","template":"elementor_header_footer","meta":{"_acf_changed":false,"footnotes":""},"class_list":["post-643","page","type-page","status-publish","has-post-thumbnail","hentry"],"acf":[],"_links":{"self":[{"href":"https:\/\/rudderyachting.com\/en\/wp-json\/wp\/v2\/pages\/643","targetHints":{"allow":["GET"]}}],"collection":[{"href":"https:\/\/rudderyachting.com\/en\/wp-json\/wp\/v2\/pages"}],"about":[{"href":"https:\/\/rudderyachting.com\/en\/wp-json\/wp\/v2\/types\/page"}],"author":[{"embeddable":true,"href":"https:\/\/rudderyachting.com\/en\/wp-json\/wp\/v2\/users\/1"}],"replies":[{"embeddable":true,"href":"https:\/\/rudderyachting.com\/en\/wp-json\/wp\/v2\/comments?post=643"}],"version-history":[{"count":0,"href":"https:\/\/rudderyachting.com\/en\/wp-json\/wp\/v2\/pages\/643\/revisions"}],"up":[{"embeddable":true,"href":"https:\/\/rudderyachting.com\/en\/wp-json\/wp\/v2\/pages\/612"}],"wp:featuredmedia":[{"embeddable":true,"href":"https:\/\/rudderyachting.com\/en\/wp-json\/wp\/v2\/media\/618"}],"wp:attachment":[{"href":"https:\/\/rudderyachting.com\/en\/wp-json\/wp\/v2\/media?parent=643"}],"curies":[{"name":"wp","href":"https:\/\/api.w.org\/{rel}","templated":true}]}}