{"id":629,"date":"2025-02-25T13:21:29","date_gmt":"2025-02-25T10:21:29","guid":{"rendered":"https:\/\/rudderyachting.com\/new\/?page_id=629"},"modified":"2026-01-19T14:29:12","modified_gmt":"2026-01-19T11:29:12","slug":"transitlog-giris-cikis-islemleri","status":"publish","type":"page","link":"https:\/\/rudderyachting.com\/en\/acente-hizmetleri\/transitlog-giris-cikis-islemleri\/","title":{"rendered":"Transitlog\/Entry-Exit Procedures"},"content":{"rendered":"<div data-elementor-type=\"wp-page\" data-elementor-id=\"629\" class=\"elementor elementor-629\" data-elementor-post-type=\"page\">\n\t\t\t\t<div class=\"elementor-element elementor-element-81b11bd e-flex e-con-boxed e-con e-parent\" data-id=\"81b11bd\" data-element_type=\"container\" data-e-type=\"container\" data-settings=\"{&quot;jet_parallax_layout_list&quot;:[],&quot;background_background&quot;:&quot;classic&quot;}\">\n\t\t\t\t\t<div class=\"e-con-inner\">\n\t\t\t\t<div class=\"elementor-element elementor-element-b79b3eb elementor-widget elementor-widget-heading\" data-id=\"b79b3eb\" data-element_type=\"widget\" data-e-type=\"widget\" data-widget_type=\"heading.default\">\n\t\t\t\t<div class=\"elementor-widget-container\">\n\t\t\t\t\t<h2 class=\"elementor-heading-title elementor-size-default\">Transitlog\/Entry-Exit Procedures<\/h2>\t\t\t\t<\/div>\n\t\t\t\t<\/div>\n\t\t\t\t\t<\/div>\n\t\t\t\t<\/div>\n\t\t<div class=\"elementor-element elementor-element-cf5460a e-con-full e-flex e-con e-parent\" data-id=\"cf5460a\" data-element_type=\"container\" data-e-type=\"container\" data-settings=\"{&quot;jet_parallax_layout_list&quot;:[]}\">\n\t\t<div class=\"elementor-element elementor-element-ecb7286 e-con-full e-flex e-con e-child\" data-id=\"ecb7286\" data-element_type=\"container\" data-e-type=\"container\" data-settings=\"{&quot;jet_parallax_layout_list&quot;:[]}\">\n\t\t\t\t<div class=\"elementor-element elementor-element-57f83690 elementor-widget elementor-widget-text-editor\" data-id=\"57f83690\" data-element_type=\"widget\" data-e-type=\"widget\" data-widget_type=\"text-editor.default\">\n\t\t\t\t<div class=\"elementor-widget-container\">\n\t\t\t\t\t\t\t\t\t\n<p><strong>Transitlog Entry Exit Document Renewal<\/strong><\/p>\n\n<p class=\"translation-block\">Rudder Yachting and Ship Agency handles entry into the country, departure from the country, and document renewal procedures on your behalf for foreign-flagged private vessels and foreign-flagged commercial vessels.<\/p>\n\n<p>The validity period of Transitlog documents for foreign-flagged vessels in our country is one year.<\/p>\n\n<p>Foreign-flagged vessels may remain in Turkey for up to five years, provided they hold valid Transitlog documents (Sailing Permit, Yacht Registration Certificate, Temporary Import Certificate), which must be renewed annually.<\/p>\n\n<p>For foreign flagged vessels undergoing document renewal and entry procedures;  A lighthouse fee is charged for vessels over 30 net tons. Lighthouse fees can be accessed via the General Directorate of Coastal Safety website.<\/p>\n\n<p>It is important that all necessary documents for foreign-flagged vessels to navigate smoothly in Turkey are obtained and kept on board at all times.<\/p>\n\n<p><strong>Documents required for the smooth completion of the Transitlog procedure on foreign-flagged private vessels:<\/strong><\/p>\n\n<p>-Current Certificate of Registration (Original)<\/p>\n\n<p>-Current Insurance Policy<\/p>\n\n<p>-Company Incorporation Documents (Legal Entity)<\/p>\n\n<p>-Captain Appointment Certificate (Original)<\/p>\n\n<p>-Old Transit Logs<\/p>\n\n<p>-Fixed Assets List<\/p>\n\n<p>-Yacht Crew Qualification Certificates<\/p>\n\n<p>If foreign-flagged vessels are registered to individuals rather than legal entities, vessel owners who do not reside abroad and do not spend more than half of the year abroad cannot enter the country or renew their documents.<\/p>\n\n<p>On Commercial Vessels Flying a Foreign Flag;<\/p>\n\n<p>Within the scope of the third paragraph added to Article 29 of the Tourism Promotion Law No. 2634, pursuant to the approval of the Ministry of Culture and Tourism dated 08\/01\/2026 and numbered 7769485; the shares to be collected in 2026 for social and technical infrastructure services from foreign-flagged commercial yachts over 39 metres in length that request permission from the Ministry of Culture and Tourism to operate for tourism purposes within Turkish territorial waters;<\/p>\n\n<p>For every 30 days;<\/p>\n\n<p>From yachts with a length of 39 metres up to 60 metres: 2,250,000 TRY<\/p>\n\n<p>From yachts with a length of 60 metres up to 80 metres: 3,250,000 TRY<\/p>\n\n<p>From yachts with a length exceeding 80 metres: 6,500,000 TRY<\/p>\n\n<p>Every 10 days;<\/p>\n\n<p>From yachts with a length of 39 metres up to 60 metres: 1,100,000 TRY<\/p>\n\n<p>From yachts with a length of 60 metres up to 80 metres: 1,500,000 TRY<\/p>\n\n<p>From yachts with a length exceeding 80 metres: 3,250,000 TRY<\/p>\n\n<p>It has been determined.<\/p>\n\n<p>For multi-owner yachts with more than four owners requesting a navigation permit, and for foreign-flagged yachts belonging to clubs, associations, and unions, an additional fee of 80 euros per meter in length shall be charged in addition to the navigation permit fee, as required by the second paragraph of Article 47 of the Regulation.<\/p>\n\n<p>For foreign-flagged commercial yachts arriving with passengers from abroad, an additional fee of 40 euros per meter in length is charged in addition to the navigation permit fee, as required by the fourth paragraph of Article 47 of the Regulation.<\/p>\n\n<p class=\"translation-block\">Pursuant to paragraph (9) of the section titled \u201cII. Port Procedures\u201d of Tariff No. (7) of the General Communiqu\u00e9 on the Fees Law, published in the Official Gazette No. 33124, the <strong>fees to be collected in 2026 from foreign-flagged commercial yachts over 39 metres in length<\/strong>;<\/p>\n\n<p>\u2013 From yachts with a length of 39 metres up to 60 metres: 2,471,167.90 TRY<\/p>\n\n<p>\u2013 From yachts with a length of 60 metres up to 80 metres: 3,706,751.70 TRY<\/p>\n\n<p>\u2013 From yachts with a length exceeding 80 metres: 4,942,335.90 TRY<\/p>\n\n<p>It has been determined.<\/p>\n\n<p class=\"translation-block\">To learn about the required procedures in these areas and to receive technical support, you may <a href=\"https:\/\/rudderyachting.com\/en\/iletisim\/\" target=\"_self\">contact us<\/a>.<\/p>\n\n<p class=\"translation-block\">Rudder Yachting and Ship Agency handles departure and entry procedures for Turkish-flagged private vessels and Turkish-flagged commercial vessels abroad and domestically, as well as sailing permits for Turkish territorial waters on your behalf.<\/p>\n\n<p><strong>Required documents for privately owned vessels flying the Turkish flag:<\/strong><\/p>\n\n<p>-Logging License (Original)<\/p>\n\n<p>-Current Insurance Policy<\/p>\n\n<p>-Captain Appointment Certificate (Notarized or issued by the Port Authority)<\/p>\n\n<p>-Yacht Crew Qualification Certificates<\/p>\n\n<p>-Health Documents of Yacht Personnel (Yellow Paper)<\/p>\n\n<p>In addition to these, for Turkish-flagged commercial vessels;<\/p>\n\n<p>\u2013Certificate of Seaworthiness<\/p>\n\n<p>-Tourism Business License<\/p>\n<p>\u2013Tonnage Certificate<\/p>\n\n<p class=\"translation-block\">Within this scope, all commercial or private vessels flying the Turkish flag are required to complete the necessary legal procedures by having their transit log (navigation permit) approved by the relevant harbour master\u2019s offices prior to each voyage.\nTo receive services in this area and to obtain further details, you may <a href=\"https:\/\/rudderyachting.com\/en\/contact\/\" target=\"_self\">contact us<\/a>.<\/p>\n\t\t\t\t\t\t\t\t<\/div>\n\t\t\t\t<\/div>\n\t\t\t\t<\/div>\n\t\t<div class=\"elementor-element elementor-element-406071e e-con-full e-transform e-flex e-con e-child\" data-id=\"406071e\" data-element_type=\"container\" data-e-type=\"container\" data-settings=\"{&quot;jet_parallax_layout_list&quot;:[],&quot;sticky&quot;:&quot;top&quot;,&quot;sticky_parent&quot;:&quot;yes&quot;,&quot;sticky_on&quot;:[&quot;desktop&quot;,&quot;tablet&quot;,&quot;mobile&quot;],&quot;sticky_offset&quot;:0,&quot;sticky_effects_offset&quot;:0,&quot;sticky_anchor_link_offset&quot;:0,&quot;_transform_translateX_effect&quot;:{&quot;unit&quot;:&quot;px&quot;,&quot;size&quot;:&quot;&quot;,&quot;sizes&quot;:[]},&quot;_transform_translateX_effect_tablet&quot;:{&quot;unit&quot;:&quot;px&quot;,&quot;size&quot;:&quot;&quot;,&quot;sizes&quot;:[]},&quot;_transform_translateX_effect_mobile&quot;:{&quot;unit&quot;:&quot;px&quot;,&quot;size&quot;:&quot;&quot;,&quot;sizes&quot;:[]},&quot;_transform_translateY_effect&quot;:{&quot;unit&quot;:&quot;px&quot;,&quot;size&quot;:&quot;&quot;,&quot;sizes&quot;:[]},&quot;_transform_translateY_effect_tablet&quot;:{&quot;unit&quot;:&quot;px&quot;,&quot;size&quot;:&quot;&quot;,&quot;sizes&quot;:[]},&quot;_transform_translateY_effect_mobile&quot;:{&quot;unit&quot;:&quot;px&quot;,&quot;size&quot;:&quot;&quot;,&quot;sizes&quot;:[]}}\">\n\t\t\t\t<div class=\"elementor-element elementor-element-15e7ba8 elementor-widget elementor-widget-image\" data-id=\"15e7ba8\" data-element_type=\"widget\" data-e-type=\"widget\" data-widget_type=\"image.default\">\n\t\t\t\t<div class=\"elementor-widget-container\">\n\t\t\t\t\t\t\t\t\t\t\t\t\t\t\t<img loading=\"lazy\" decoding=\"async\" width=\"300\" height=\"272\" src=\"https:\/\/rudderyachting.com\/wp-content\/uploads\/2025\/03\/zeki-izzet-cagman-rudder-yachting-300x272.jpg\" class=\"attachment-medium size-medium wp-image-921\" alt=\"\" srcset=\"https:\/\/rudderyachting.com\/wp-content\/uploads\/2025\/03\/zeki-izzet-cagman-rudder-yachting-300x272.jpg.webp 300w, https:\/\/rudderyachting.com\/wp-content\/uploads\/2025\/03\/zeki-izzet-cagman-rudder-yachting.jpg.webp 742w\" sizes=\"auto, (max-width: 300px) 100vw, 300px\" \/>\t\t\t\t\t\t\t\t\t\t\t\t\t\t\t<\/div>\n\t\t\t\t<\/div>\n\t\t\t\t<div class=\"elementor-element elementor-element-779a6bd elementor-widget elementor-widget-text-editor\" data-id=\"779a6bd\" data-element_type=\"widget\" data-e-type=\"widget\" data-widget_type=\"text-editor.default\">\n\t\t\t\t<div class=\"elementor-widget-container\">\n\t\t\t\t\t\t\t\t\t<p style=\"text-align: center;\"><strong>Zeki \u0130zzet \u00c7a\u011fman<\/strong><\/p>\n<p><b><i class=\"fa fa-envelope\"><\/i>\u00a0: <\/b><a href=\"mailto:info@rudderyachting.com\">info@rudderyachting.com<\/a><\/p>\n<p><b><i class=\"fa fa-phone\"><\/i> :<\/b><a href=\"tel:+905321390494\"> +905321390494<\/a><\/p>\t\t\t\t\t\t\t\t<\/div>\n\t\t\t\t<\/div>\n\t\t\t\t<div class=\"elementor-element elementor-element-2c9fa6d elementor-button-align-stretch elementor-widget elementor-widget-form\" data-id=\"2c9fa6d\" data-element_type=\"widget\" data-e-type=\"widget\" data-settings=\"{&quot;step_next_label&quot;:&quot;Next&quot;,&quot;step_previous_label&quot;:&quot;Previous&quot;,&quot;button_width&quot;:&quot;100&quot;,&quot;step_type&quot;:&quot;number_text&quot;,&quot;step_icon_shape&quot;:&quot;circle&quot;}\" data-widget_type=\"form.default\">\n\t\t\t\t<div class=\"elementor-widget-container\">\n\t\t\t\t\t\t\t<form class=\"elementor-form\" method=\"post\" name=\"acenta-sub\" aria-label=\"acenta-sub\" action=\"\">\r\n\t\t\t<input type=\"hidden\" name=\"post_id\" value=\"629\"\/>\r\n\t\t\t<input type=\"hidden\" name=\"form_id\" value=\"2c9fa6d\"\/>\r\n\t\t\t<input type=\"hidden\" name=\"referer_title\" value=\"Transitlog\/Giri\u015f-\u00c7\u0131k\u0131\u015f \u0130\u015flemleri - Rudder Yachting\" \/>\r\n\r\n\t\t\t\t\t\t\t<input type=\"hidden\" name=\"queried_id\" value=\"629\"\/>\r\n\t\t\t\r\n\t\t\t<div class=\"elementor-form-fields-wrapper elementor-labels-\">\r\n\t\t\t\t\t\t\t\t<div class=\"elementor-field-type-text elementor-field-group elementor-column elementor-field-group-name elementor-col-100\">\r\n\t\t\t\t\t\t\t\t\t\t\t\t<label for=\"form-field-name\" class=\"elementor-field-label elementor-screen-only\">\r\n\t\t\t\t\t\t\t\t\u0130sim\t\t\t\t\t\t\t<\/label>\r\n\t\t\t\t\t\t\t\t\t\t\t\t\t\t<input size=\"1\" type=\"text\" name=\"form_fields[name]\" id=\"form-field-name\" class=\"elementor-field elementor-size-sm  elementor-field-textual\" placeholder=\"Name &amp; Surname\">\r\n\t\t\t\t\t\t\t\t\t\t\t<\/div>\r\n\t\t\t\t\t\t\t\t<div class=\"elementor-field-type-email elementor-field-group elementor-column elementor-field-group-email elementor-col-100 elementor-field-required\">\r\n\t\t\t\t\t\t\t\t\t\t\t\t<label for=\"form-field-email\" class=\"elementor-field-label elementor-screen-only\">\r\n\t\t\t\t\t\t\t\tEmail\t\t\t\t\t\t\t<\/label>\r\n\t\t\t\t\t\t\t\t\t\t\t\t\t\t<input size=\"1\" type=\"email\" name=\"form_fields[email]\" id=\"form-field-email\" class=\"elementor-field elementor-size-sm  elementor-field-textual\" placeholder=\"Email\" required=\"required\">\r\n\t\t\t\t\t\t\t\t\t\t\t<\/div>\r\n\t\t\t\t\t\t\t\t<div class=\"elementor-field-type-tel elementor-field-group elementor-column elementor-field-group-field_4727dfc elementor-col-100 elementor-field-required\">\r\n\t\t\t\t\t\t\t\t\t\t\t\t<label for=\"form-field-field_4727dfc\" class=\"elementor-field-label elementor-screen-only\">\r\n\t\t\t\t\t\t\t\tPhone\t\t\t\t\t\t\t<\/label>\r\n\t\t\t\t\t\t\t\t<input size=\"1\" type=\"tel\" name=\"form_fields[field_4727dfc]\" id=\"form-field-field_4727dfc\" class=\"elementor-field elementor-size-sm  elementor-field-textual\" placeholder=\"Phone\" required=\"required\" pattern=\"[0-9()#&amp;+*-=.]+\" title=\"phone\">\r\n\r\n\t\t\t\t\t\t<\/div>\r\n\t\t\t\t\t\t\t\t<div class=\"elementor-field-type-textarea elementor-field-group elementor-column elementor-field-group-message elementor-col-100\">\r\n\t\t\t\t\t\t\t\t\t\t\t\t<label for=\"form-field-message\" class=\"elementor-field-label elementor-screen-only\">\r\n\t\t\t\t\t\t\t\tMessage\t\t\t\t\t\t\t<\/label>\r\n\t\t\t\t\t\t<textarea class=\"elementor-field-textual elementor-field  elementor-size-sm\" name=\"form_fields[message]\" id=\"form-field-message\" rows=\"4\" placeholder=\"Message\"><\/textarea>\t\t\t\t<\/div>\r\n\t\t\t\t\t\t\t\t<div class=\"elementor-field-group elementor-column elementor-field-type-submit elementor-col-100 e-form__buttons\">\r\n\t\t\t\t\t<button class=\"elementor-button elementor-size-sm elementor-animation-hang\" type=\"submit\">\r\n\t\t\t\t\t\t<span class=\"elementor-button-content-wrapper\">\r\n\t\t\t\t\t\t\t\t\t\t\t\t\t\t\t\t\t\t\t\t\t\t<span class=\"elementor-button-text\">Send<\/span>\r\n\t\t\t\t\t\t\t\t\t\t\t\t\t<\/span>\r\n\t\t\t\t\t<\/button>\r\n\t\t\t\t<\/div>\r\n\t\t\t<\/div>\r\n\t\t<input type=\"hidden\" name=\"trp-form-language\" value=\"en\"\/><\/form>\r\n\t\t\t\t\t\t<\/div>\n\t\t\t\t<\/div>\n\t\t\t\t<\/div>\n\t\t\t\t<\/div>\n\t\t\t\t<\/div>","protected":false},"excerpt":{"rendered":"<p>Transitlog Giri\u015f \u00c7\u0131k\u0131\u015f Belge Yenileme Rudder Yat\u00e7\u0131l\u0131k ve Gemi Acenteli\u011fi;\u00a0Yabanc\u0131 Bayrakl\u0131 \u00d6zel Tekneler\u00a0ve\u00a0Yabanc\u0131 Bayrakl\u0131 Ticari Tekneler\u00a0i\u00e7in yurda giri\u015f, yurtd\u0131\u015f\u0131 \u00e7\u0131k\u0131\u015f\u0131 ve belge yenileme i\u015flemlerini sizin ad\u0131n\u0131za ger\u00e7ekle\u015ftirmektedir. Yabanc\u0131 Bayrakl\u0131 Teknelerin Transitlog Belgelerinin \u00fclkemizdeki ge\u00e7erlilik s\u00fcreleri 1 y\u0131ld\u0131r. Yabanc\u0131 Bayrakl\u0131 Tekneler her y\u0131l yenilenmesi gereken Transitlog (Seyir \u0130zin Belgesi, Yat Kay\u0131t Belgesi, Ge\u00e7ici \u0130thalat Belgesi) belgeleriyle [&hellip;]<\/p>","protected":false},"author":1,"featured_media":617,"parent":612,"menu_order":0,"comment_status":"closed","ping_status":"closed","template":"elementor_header_footer","meta":{"_acf_changed":false,"footnotes":""},"class_list":["post-629","page","type-page","status-publish","has-post-thumbnail","hentry"],"acf":[],"_links":{"self":[{"href":"https:\/\/rudderyachting.com\/en\/wp-json\/wp\/v2\/pages\/629","targetHints":{"allow":["GET"]}}],"collection":[{"href":"https:\/\/rudderyachting.com\/en\/wp-json\/wp\/v2\/pages"}],"about":[{"href":"https:\/\/rudderyachting.com\/en\/wp-json\/wp\/v2\/types\/page"}],"author":[{"embeddable":true,"href":"https:\/\/rudderyachting.com\/en\/wp-json\/wp\/v2\/users\/1"}],"replies":[{"embeddable":true,"href":"https:\/\/rudderyachting.com\/en\/wp-json\/wp\/v2\/comments?post=629"}],"version-history":[{"count":0,"href":"https:\/\/rudderyachting.com\/en\/wp-json\/wp\/v2\/pages\/629\/revisions"}],"up":[{"embeddable":true,"href":"https:\/\/rudderyachting.com\/en\/wp-json\/wp\/v2\/pages\/612"}],"wp:featuredmedia":[{"embeddable":true,"href":"https:\/\/rudderyachting.com\/en\/wp-json\/wp\/v2\/media\/617"}],"wp:attachment":[{"href":"https:\/\/rudderyachting.com\/en\/wp-json\/wp\/v2\/media?parent=629"}],"curies":[{"name":"wp","href":"https:\/\/api.w.org\/{rel}","templated":true}]}}