{"id":11232,"date":"2026-04-09T14:26:07","date_gmt":"2026-04-09T11:26:07","guid":{"rendered":"https:\/\/rudderyachting.com\/?page_id=11232"},"modified":"2026-04-09T14:37:12","modified_gmt":"2026-04-09T11:37:12","slug":"gocek-mapa-samandira-sistemi-deria","status":"publish","type":"page","link":"https:\/\/rudderyachting.com\/en\/gocek-mapa-samandira-sistemi-deria\/","title":{"rendered":"G\u00f6cek Tonoz-\u015eamand\u0131ra Sistemi DER\u0130A"},"content":{"rendered":"<div data-elementor-type=\"wp-page\" data-elementor-id=\"11232\" class=\"elementor elementor-11232\" data-elementor-post-type=\"page\">\n\t\t\t\t<div class=\"elementor-element elementor-element-dcfde54 e-flex e-con-boxed e-con e-parent\" data-id=\"dcfde54\" data-element_type=\"container\" data-e-type=\"container\" data-settings=\"{&quot;background_background&quot;:&quot;classic&quot;,&quot;jet_parallax_layout_list&quot;:[]}\">\n\t\t\t\t\t<div class=\"e-con-inner\">\n\t\t\t\t\t<\/div>\n\t\t\t\t<\/div>\n\t\t<div class=\"elementor-element elementor-element-75d7633 e-flex e-con-boxed e-con e-parent\" data-id=\"75d7633\" data-element_type=\"container\" data-e-type=\"container\" data-settings=\"{&quot;jet_parallax_layout_list&quot;:[]}\">\n\t\t\t\t\t<div class=\"e-con-inner\">\n\t\t\t\t<div class=\"elementor-element elementor-element-152aa7f elementor-widget elementor-widget-text-editor\" data-id=\"152aa7f\" data-element_type=\"widget\" data-e-type=\"widget\" data-widget_type=\"text-editor.default\">\n\t\t\t\t<div class=\"elementor-widget-container\">\n\t\t\t\t\t\t\t\t\t<div class=\"Y3BBE\" data-sfc-cp=\"\" data-sfc-root=\"c\" data-sfc-cb=\"\" data-hveid=\"CAEQAA\" data-processed=\"true\"><span data-subtree=\"aimfl,mfl\" data-processed=\"true\">DER\u0130A (Deniz Ekosistemi Resif \u0130zleme ve Ak\u0131ll\u0131 Y\u00f6netim), G\u00f6cek ve Dalaman koylar\u0131nda deniz taban\u0131n\u0131 (posidonia \u00e7ay\u0131rlar\u0131n\u0131) \u00e7apalar\u0131n tahribat\u0131ndan korumak i\u00e7in T\u00fcrkiye \u00c7evre Ajans\u0131 (T\u00dc\u00c7A) taraf\u0131ndan geli\u015ftirilen dijital tabanl\u0131, 900&#8217;den fazla tonoz ve \u015famand\u0131radan olu\u015fan s\u00fcrd\u00fcr\u00fclebilir bir ba\u011flama ve y\u00f6netim sistemidir. Teknelere g\u00fcvenli, rezervasyonlu ba\u011flama imk\u00e2n\u0131 sunar.<span class=\"uJ19be notranslate\" data-sfc-root=\"c\" data-wiz-uids=\"J65jab_h,J65jab_i\" data-sfc-cb=\"\" data-processed=\"true\"><span class=\"vKEkVd\" data-animation-atomic=\"\" data-wiz-attrbind=\"class=J65jab_g\/TKHnVd\" data-processed=\"true\"><span aria-hidden=\"true\" data-processed=\"true\">\u00a0<\/span><\/span><\/span><\/div>\n<div class=\"Y3BBE\" data-sfc-cp=\"\" data-sfc-root=\"c\" data-sfc-cb=\"\" data-hveid=\"CAIQAA\" data-processed=\"true\"><strong class=\"Yjhzub\" data-sfc-root=\"c\" data-sfc-cb=\"\" data-processed=\"true\">DER\u0130A Mapa-\u015eamand\u0131ra Sistemi&#8217;nin Temel \u00d6zellikleri:<\/strong><\/div>\n<ul class=\"KsbFXc U6u95\" data-sfc-root=\"c\" data-sfc-cb=\"\" data-processed=\"true\">\n \t<li class=\"dF3vjf\" data-sfc-root=\"c\" data-sfc-cb=\"\" data-hveid=\"CAMQAA\" data-processed=\"true\"><span class=\"T286Pc\" data-sfc-cp=\"\" data-sfc-root=\"c\" data-sfc-cb=\"\" data-processed=\"true\"><strong class=\"Yjhzub\" data-sfc-root=\"c\" data-sfc-cb=\"\" data-processed=\"true\">\u00c7evresel Koruma:<\/strong> \u00c7apalar\u0131n deniz taban\u0131na, \u00f6zellikle deniz \u00e7ay\u0131rlar\u0131na (posidonia) verdi\u011fi fiziksel zarar\u0131 \u00f6nler.<\/span><\/li>\n \t<li class=\"dF3vjf\" data-sfc-root=\"c\" data-sfc-cb=\"\" data-hveid=\"CAMQAQ\" data-processed=\"true\"><span class=\"T286Pc\" data-sfc-cp=\"\" data-sfc-root=\"c\" data-sfc-cb=\"\" data-processed=\"true\"><strong class=\"Yjhzub\" data-sfc-root=\"c\" data-sfc-cb=\"\" data-processed=\"true\">Dijital Rezervasyon:<\/strong> Ba\u011flama noktalar\u0131 deria.gov.tr web sitesi veya mobil uygulama \u00fczerinden rezerve edilebilir.<\/span><\/li>\n \t<li class=\"dF3vjf\" data-sfc-root=\"c\" data-sfc-cb=\"\" data-hveid=\"CAMQAg\" data-processed=\"true\"><span class=\"T286Pc\" data-sfc-cp=\"\" data-sfc-root=\"c\" data-sfc-cb=\"\" data-processed=\"true\"><strong class=\"Yjhzub\" data-sfc-root=\"c\" data-sfc-cb=\"\" data-processed=\"true\">Ak\u0131ll\u0131 Y\u00f6netim:<\/strong> Sistem, 926 deniz mapas\u0131 ve 906 tonoz altyap\u0131s\u0131 ile planl\u0131 ve \u015feffaf bir y\u00f6netim sa\u011flar.<\/span><\/li>\n \t<li class=\"dF3vjf\" data-sfc-root=\"c\" data-sfc-cb=\"\" data-hveid=\"CAMQAw\" data-processed=\"true\"><span class=\"T286Pc\" data-sfc-cp=\"\" data-sfc-root=\"c\" data-sfc-cb=\"\" data-processed=\"true\"><strong class=\"Yjhzub\" data-sfc-root=\"c\" data-sfc-cb=\"\" data-processed=\"true\">Entegre Hizmetler:<\/strong> Sistem sadece ba\u011flama de\u011fil, at\u0131k al\u0131m hizmetini de kapsar; 4 at\u0131k al\u0131m, 2 y\u00fczey temizleme ve 1 deniz dibi tarama teknesi ile entegre \u00e7al\u0131\u015f\u0131r.<\/span><\/li>\n \t<li class=\"dF3vjf\" data-sfc-root=\"c\" data-sfc-cb=\"\" data-hveid=\"CAMQBA\" data-processed=\"true\"><span class=\"T286Pc\" data-sfc-cp=\"\" data-sfc-root=\"c\" data-sfc-cb=\"\" data-processed=\"true\"><strong class=\"Yjhzub\" data-sfc-root=\"c\" data-sfc-cb=\"\" data-processed=\"true\">Kapsam:<\/strong> Fethiye-G\u00f6cek b\u00f6lgesindeki 17 koyda aktif olarak hizmet vermektedir.<\/span><span class=\"uJ19be notranslate\" data-sfc-root=\"c\" data-wiz-uids=\"J65jab_1c,J65jab_1d\" data-sfc-cb=\"\" data-processed=\"true\"><span class=\"vKEkVd\" data-animation-atomic=\"\" data-wiz-attrbind=\"class=J65jab_1b\/TKHnVd\" data-processed=\"true\"><span aria-hidden=\"true\" data-processed=\"true\">\u00a0<\/span><\/span><\/span><\/li>\n<\/ul>\n<div class=\"Y3BBE\" data-sfc-cp=\"\" data-sfc-root=\"c\" data-sfc-cb=\"\" data-hveid=\"CAQQAA\" data-processed=\"true\">Bu sistem sayesinde tekneler, \u00e7apalar\u0131n\u0131 deniz taban\u0131na atmak yerine, \u00f6nceden yerle\u015ftirilmi\u015f \u015famand\u0131ralara ba\u011flanarak daha g\u00fcvenli ve \u00e7evreci bir demirleme yaparlar.<span class=\"uJ19be notranslate\" data-sfc-root=\"c\" data-wiz-uids=\"J65jab_1o,J65jab_1p\" data-sfc-cb=\"\" data-processed=\"true\"><span class=\"vKEkVd\" data-animation-atomic=\"\" data-wiz-attrbind=\"class=J65jab_1n\/TKHnVd\" data-processed=\"true\"><span aria-hidden=\"true\" data-processed=\"true\">\u00a0<\/span><\/span><\/span><\/div>\t\t\t\t\t\t\t\t<\/div>\n\t\t\t\t<\/div>\n\t\t\t\t\t<\/div>\n\t\t\t\t<\/div>\n\t\t<div class=\"elementor-element elementor-element-aaf0980 e-con-full e-flex e-con e-parent\" data-id=\"aaf0980\" data-element_type=\"container\" data-e-type=\"container\" data-settings=\"{&quot;jet_parallax_layout_list&quot;:[]}\">\n\t\t\t\t<div class=\"elementor-element elementor-element-32c3bad elementor-widget elementor-widget-html\" data-id=\"32c3bad\" data-element_type=\"widget\" data-e-type=\"widget\" data-widget_type=\"html.default\">\n\t\t\t\t<div class=\"elementor-widget-container\">\n\t\t\t\t\t<iframe src=\"https:\/\/deria.gov.tr\/koylar\"title=\"G\u00f6cek Mapa \u015eamand\u0131ra Sistemi\" height=\"900\"> <\/iframe>\t\t\t\t<\/div>\n\t\t\t\t<\/div>\n\t\t\t\t<\/div>\n\t\t\t\t<\/div>","protected":false},"excerpt":{"rendered":"<p>DER\u0130A (Deniz Ekosistemi Resif \u0130zleme ve Ak\u0131ll\u0131 Y\u00f6netim), G\u00f6cek ve Dalaman koylar\u0131nda deniz taban\u0131n\u0131 (posidonia \u00e7ay\u0131rlar\u0131n\u0131) \u00e7apalar\u0131n tahribat\u0131ndan korumak i\u00e7in T\u00fcrkiye \u00c7evre Ajans\u0131 (T\u00dc\u00c7A) taraf\u0131ndan geli\u015ftirilen dijital tabanl\u0131, 900&#8217;den fazla tonoz ve \u015famand\u0131radan olu\u015fan s\u00fcrd\u00fcr\u00fclebilir bir ba\u011flama ve y\u00f6netim sistemidir. Teknelere g\u00fcvenli, rezervasyonlu ba\u011flama imk\u00e2n\u0131 sunar.\u00a0 DER\u0130A Mapa-\u015eamand\u0131ra Sistemi&#8217;nin Temel \u00d6zellikleri: \u00c7evresel Koruma: \u00c7apalar\u0131n deniz [&hellip;]<\/p>","protected":false},"author":1,"featured_media":0,"parent":0,"menu_order":0,"comment_status":"closed","ping_status":"closed","template":"","meta":{"_acf_changed":false,"footnotes":""},"class_list":["post-11232","page","type-page","status-publish","hentry"],"acf":[],"_links":{"self":[{"href":"https:\/\/rudderyachting.com\/en\/wp-json\/wp\/v2\/pages\/11232","targetHints":{"allow":["GET"]}}],"collection":[{"href":"https:\/\/rudderyachting.com\/en\/wp-json\/wp\/v2\/pages"}],"about":[{"href":"https:\/\/rudderyachting.com\/en\/wp-json\/wp\/v2\/types\/page"}],"author":[{"embeddable":true,"href":"https:\/\/rudderyachting.com\/en\/wp-json\/wp\/v2\/users\/1"}],"replies":[{"embeddable":true,"href":"https:\/\/rudderyachting.com\/en\/wp-json\/wp\/v2\/comments?post=11232"}],"version-history":[{"count":16,"href":"https:\/\/rudderyachting.com\/en\/wp-json\/wp\/v2\/pages\/11232\/revisions"}],"predecessor-version":[{"id":11250,"href":"https:\/\/rudderyachting.com\/en\/wp-json\/wp\/v2\/pages\/11232\/revisions\/11250"}],"wp:attachment":[{"href":"https:\/\/rudderyachting.com\/en\/wp-json\/wp\/v2\/media?parent=11232"}],"curies":[{"name":"wp","href":"https:\/\/api.w.org\/{rel}","templated":true}]}}